{"id":45231,"date":"2025-04-30T15:07:36","date_gmt":"2025-04-30T15:07:36","guid":{"rendered":"https:\/\/hostify.com\/hostify-roadshow-potencialize-o-seu-al-edicao-lisboa"},"modified":"2025-04-30T15:20:05","modified_gmt":"2025-04-30T15:20:05","slug":"hostify-roadshow-potencialize-o-seu-al-edicao-lisboa","status":"publish","type":"page","link":"https:\/\/hostify.com\/pt-pt\/hostify-roadshow-potencialize-o-seu-al-edicao-lisboa","title":{"rendered":"Hostify Roadshow &#8211; Potencialize o seu AL: Edi\u00e7\u00e3o Lisboa"},"content":{"rendered":"\t\t<div data-elementor-type=\"wp-page\" data-elementor-id=\"45231\" class=\"elementor elementor-45231 elementor-45214\" data-elementor-post-type=\"page\">\n\t\t\t\t<div class=\"elementor-element elementor-element-8049b10 e-flex e-con-boxed e-con e-parent\" data-id=\"8049b10\" data-element_type=\"container\" data-e-type=\"container\" data-settings=\"{&quot;background_background&quot;:&quot;classic&quot;}\">\n\t\t\t\t\t<div class=\"e-con-inner\">\n\t\t<div class=\"elementor-element elementor-element-83b9d16 e-con-full e-flex e-con e-child\" data-id=\"83b9d16\" data-element_type=\"container\" data-e-type=\"container\">\n\t\t\t\t<div class=\"elementor-element elementor-element-81c4b9e elementor-widget elementor-widget-heading\" data-id=\"81c4b9e\" data-element_type=\"widget\" data-e-type=\"widget\" data-widget_type=\"heading.default\">\n\t\t\t\t<div class=\"elementor-widget-container\">\n\t\t\t\t\t<h1 class=\"elementor-heading-title elementor-size-default\">Potencialize o seu AL: Edi\u00e7\u00e3o Lisboa<\/h1>\t\t\t\t<\/div>\n\t\t\t\t<\/div>\n\t\t\t\t<div class=\"elementor-element elementor-element-5a5b6d5 elementor-widget elementor-widget-heading\" data-id=\"5a5b6d5\" data-element_type=\"widget\" data-e-type=\"widget\" data-widget_type=\"heading.default\">\n\t\t\t\t<div class=\"elementor-widget-container\">\n\t\t\t\t\t<span class=\"elementor-heading-title elementor-size-default\">Date: Ter\u00e7a-feira, 13 de maio\n\n<\/span>\t\t\t\t<\/div>\n\t\t\t\t<\/div>\n\t\t\t\t<div class=\"elementor-element elementor-element-6d7cb7c elementor-widget elementor-widget-heading\" data-id=\"6d7cb7c\" data-element_type=\"widget\" data-e-type=\"widget\" data-widget_type=\"heading.default\">\n\t\t\t\t<div class=\"elementor-widget-container\">\n\t\t\t\t\t<span class=\"elementor-heading-title elementor-size-default\">Location: Lisbon, Portugal<\/span>\t\t\t\t<\/div>\n\t\t\t\t<\/div>\n\t\t\t\t<div class=\"elementor-element elementor-element-4f084e7 elementor-widget elementor-widget-heading\" data-id=\"4f084e7\" data-element_type=\"widget\" data-e-type=\"widget\" data-widget_type=\"heading.default\">\n\t\t\t\t<div class=\"elementor-widget-container\">\n\t\t\t\t\t<span class=\"elementor-heading-title elementor-size-default\">Duration: 2:30 PM - 6:00 PM GMT+1<\/span>\t\t\t\t<\/div>\n\t\t\t\t<\/div>\n\t\t\t\t<div class=\"elementor-element elementor-element-f1e88be elementor-widget elementor-widget-heading\" data-id=\"f1e88be\" data-element_type=\"widget\" data-e-type=\"widget\" data-widget_type=\"heading.default\">\n\t\t\t\t<div class=\"elementor-widget-container\">\n\t\t\t\t\t<span class=\"elementor-heading-title elementor-size-default\">Formato: Uma experi\u00eancia din\u00e2mica com palestras, debates e networking. <\/span>\t\t\t\t<\/div>\n\t\t\t\t<\/div>\n\t\t\t\t<div class=\"elementor-element elementor-element-b61ffe8 elementor-align-left elementor-widget elementor-widget-button\" data-id=\"b61ffe8\" data-element_type=\"widget\" data-e-type=\"widget\" data-widget_type=\"button.default\">\n\t\t\t\t<div class=\"elementor-widget-container\">\n\t\t\t\t\t\t\t\t\t<div class=\"elementor-button-wrapper\">\n\t\t\t\t\t<a class=\"elementor-button elementor-button-link elementor-size-sm\" href=\"https:\/\/lu.ma\/zf24mjyu\" rel=\"nofollow noopener\" target=\"_blank\">\n\t\t\t\t\t\t<span class=\"elementor-button-content-wrapper\">\n\t\t\t\t\t\t<span class=\"elementor-button-icon\">\n\t\t\t\t<svg xmlns=\"http:\/\/www.w3.org\/2000\/svg\" width=\"23\" height=\"14\" viewBox=\"0 0 23 14\" fill=\"none\"><path d=\"M15.0806 2.64164L18.4002 5.89267H1.875C1.25876 5.89267 0.75 6.3839 0.75 7C0.75 7.6161 1.25876 8.10733 1.875 8.10733H18.4004L15.0823 11.3584C14.641 11.7908 14.641 12.4954 15.0823 12.9278C15.5207 13.3574 16.231 13.3574 16.6695 12.9278L21.9195 7.78384C22.0232 7.68223 22.1072 7.5602 22.1642 7.42398L22.1655 7.42066C22.2173 7.29164 22.25 7.15024 22.25 7.00343V7.00341V7.00339V7.00337V7.00335V7.00333V7.00331V7.00329V7.00327V7.00325V7.00324V7.00322V7.0032V7.00318V7.00316V7.00314V7.00313V7.00311V7.00309V7.00307V7.00306V7.00304V7.00302V7.00301V7.00299V7.00297V7.00296V7.00294V7.00292V7.00291V7.00289V7.00288V7.00286V7.00284V7.00283V7.00281V7.0028V7.00278V7.00277V7.00275V7.00274V7.00272V7.00271V7.00269V7.00268V7.00267V7.00265V7.00263V7.00262V7.0026V7.00257V7.00255V7.00253V7.00251V7.00249V7.00248V7.00246V7.00244V7.00242V7.0024V7.00238V7.00236V7.00234V7.00233V7.00231V7.00229V7.00227V7.00225V7.00224V7.00222V7.0022V7.00219V7.00217V7.00215V7.00214V7.00212V7.0021V7.00209V7.00207V7.00205V7.00204V7.00202V7.00201V7.00199V7.00197V7.00196V7.00194V7.00193V7.00191V7.0019V7.00188V7.00187V7.00185V7.00184V7.00182V7.00181V7.00179V7.00178V7.00176V7.00174V7.00173V7.00171V7.0017V7.00168V7.00167V7.00165V7.00164V7.00162V7.00161V7.00159V7.00158V7.00156V7.00155V7.00153V7.00152V7.0015V7.00149V7.00147V7.00146V7.00144V7.00142V7.00141V7.00139V7.00138V7.00136V7.00134V7.00133V7.00131V7.00129V7.00128V7.00126V7.00124V7.00123V7.00121V7.00119V7.00118V7.00116V7.00114V7.00112V7.0011V7.00109V7.00107V7.00105V7.00103V7.00101V7.00099V7.00097V7.00095V7.00094V7.00092V7.0009V7.00087V7.00085V7.00083V7.00081V7.00079V7.00078V7.00076V7.00074V7.00073V7.00071V7.0007V7.00068V7.00067V7.00065V7.00064V7.00062V7.00061V7.00059V7.00058V7.00056V7.00055V7.00053V7.00051V7.0005V7.00048V7.00046V7.00045V7.00043V7.00041V7.0004V7.00038V7.00036V7.00035V7.00033V7.00031V7.00029V7.00028V7.00026V7.00024V7.00022V7.0002V7.00018V7.00017V7.00015V7.00013V7.00011V7.00009V7.00007V7.00005V7.00003V7.00001C22.25 6.85507 22.2205 6.71022 22.1617 6.5744C22.1047 6.43883 22.021 6.31736 21.9177 6.21616L16.6677 1.0722C16.2293 0.642601 15.519 0.642601 15.0805 1.0722C14.6392 1.50458 14.6392 2.20921 15.0805 2.6416L15.0806 2.64164Z\" fill=\"white\" stroke=\"white\" stroke-width=\"0.5\"><\/path><\/svg>\t\t\t<\/span>\n\t\t\t\t\t\t\t\t\t<span class=\"elementor-button-text\">Registe-se agora<\/span>\n\t\t\t\t\t<\/span>\n\t\t\t\t\t<\/a>\n\t\t\t\t<\/div>\n\t\t\t\t\t\t\t\t<\/div>\n\t\t\t\t<\/div>\n\t\t\t\t<\/div>\n\t\t\t\t<div class=\"elementor-element elementor-element-44c833e elementor-widget elementor-widget-image\" data-id=\"44c833e\" data-element_type=\"widget\" data-e-type=\"widget\" data-widget_type=\"image.default\">\n\t\t\t\t<div class=\"elementor-widget-container\">\n\t\t\t\t\t\t\t\t\t\t\t\t\t\t\t<img fetchpriority=\"high\" decoding=\"async\" width=\"768\" height=\"512\" src=\"https:\/\/hostify.com\/wp-content\/uploads\/2025\/04\/aerial-shot-praca-comercio-square-lisbon-portugal-768x512.jpg\" class=\"attachment-medium_large size-medium_large wp-image-45226\" alt=\"\" srcset=\"https:\/\/hostify.com\/wp-content\/uploads\/2025\/04\/aerial-shot-praca-comercio-square-lisbon-portugal-768x512.jpg 768w, https:\/\/hostify.com\/wp-content\/uploads\/2025\/04\/aerial-shot-praca-comercio-square-lisbon-portugal-300x200.jpg 300w, https:\/\/hostify.com\/wp-content\/uploads\/2025\/04\/aerial-shot-praca-comercio-square-lisbon-portugal-1024x682.jpg 1024w, https:\/\/hostify.com\/wp-content\/uploads\/2025\/04\/aerial-shot-praca-comercio-square-lisbon-portugal-1536x1023.jpg 1536w, https:\/\/hostify.com\/wp-content\/uploads\/2025\/04\/aerial-shot-praca-comercio-square-lisbon-portugal-2048x1364.jpg 2048w\" sizes=\"(max-width: 768px) 100vw, 768px\">\t\t\t\t\t\t\t\t\t\t\t\t\t\t\t<\/div>\n\t\t\t\t<\/div>\n\t\t\t\t\t<\/div>\n\t\t\t\t<\/div>\n\t\t<div class=\"elementor-element elementor-element-3235b3b e-flex e-con-boxed e-con e-parent\" data-id=\"3235b3b\" data-element_type=\"container\" data-e-type=\"container\" data-settings=\"{&quot;background_background&quot;:&quot;classic&quot;}\">\n\t\t\t\t\t<div class=\"e-con-inner\">\n\t\t<div class=\"elementor-element elementor-element-c452414 e-con-full e-flex e-con e-child\" data-id=\"c452414\" data-element_type=\"container\" data-e-type=\"container\">\n\t\t\t\t<div class=\"elementor-element elementor-element-2f5dbbb elementor-widget elementor-widget-image\" data-id=\"2f5dbbb\" data-element_type=\"widget\" data-e-type=\"widget\" data-widget_type=\"image.default\">\n\t\t\t\t<div class=\"elementor-widget-container\">\n\t\t\t\t\t\t\t\t\t\t\t\t\t\t\t<img decoding=\"async\" width=\"1200\" height=\"323\" src=\"https:\/\/hostify.com\/wp-content\/uploads\/2025\/03\/hostify-logo-black-1200.png\" class=\"attachment-full size-full wp-image-44340\" alt=\"\" srcset=\"https:\/\/hostify.com\/wp-content\/uploads\/2025\/03\/hostify-logo-black-1200.png 1200w, https:\/\/hostify.com\/wp-content\/uploads\/2025\/03\/hostify-logo-black-1200-300x81.png 300w, https:\/\/hostify.com\/wp-content\/uploads\/2025\/03\/hostify-logo-black-1200-1024x276.png 1024w, https:\/\/hostify.com\/wp-content\/uploads\/2025\/03\/hostify-logo-black-1200-768x207.png 768w\" sizes=\"(max-width: 1200px) 100vw, 1200px\">\t\t\t\t\t\t\t\t\t\t\t\t\t\t\t<\/div>\n\t\t\t\t<\/div>\n\t\t\t\t<\/div>\n\t\t<div class=\"elementor-element elementor-element-067f0dd e-con-full e-flex e-con e-child\" data-id=\"067f0dd\" data-element_type=\"container\" data-e-type=\"container\">\n\t\t\t\t<div class=\"elementor-element elementor-element-f5444db elementor-widget elementor-widget-image\" data-id=\"f5444db\" data-element_type=\"widget\" data-e-type=\"widget\" data-widget_type=\"image.default\">\n\t\t\t\t<div class=\"elementor-widget-container\">\n\t\t\t\t\t\t\t\t\t\t\t\t\t\t\t<img decoding=\"async\" width=\"160\" height=\"27\" src=\"https:\/\/hostify.com\/wp-content\/uploads\/2024\/08\/logo-booking-2.svg\" class=\"attachment-full size-full wp-image-37401\" alt=\"\">\t\t\t\t\t\t\t\t\t\t\t\t\t\t\t<\/div>\n\t\t\t\t<\/div>\n\t\t\t\t<\/div>\n\t\t<div class=\"elementor-element elementor-element-60f92d2 e-con-full e-flex e-con e-child\" data-id=\"60f92d2\" data-element_type=\"container\" data-e-type=\"container\">\n\t\t\t\t<div class=\"elementor-element elementor-element-859fa22 elementor-widget elementor-widget-image\" data-id=\"859fa22\" data-element_type=\"widget\" data-e-type=\"widget\" data-widget_type=\"image.default\">\n\t\t\t\t<div class=\"elementor-widget-container\">\n\t\t\t\t\t\t\t\t\t\t\t\t\t\t\t<img loading=\"lazy\" decoding=\"async\" width=\"924\" height=\"244\" src=\"https:\/\/hostify.com\/wp-content\/uploads\/2025\/04\/Horizontal_Red_Black.svg\" class=\"attachment-full size-full wp-image-45218\" alt=\"\">\t\t\t\t\t\t\t\t\t\t\t\t\t\t\t<\/div>\n\t\t\t\t<\/div>\n\t\t\t\t<\/div>\n\t\t<div class=\"elementor-element elementor-element-f8ecb03 e-con-full e-flex e-con e-child\" data-id=\"f8ecb03\" data-element_type=\"container\" data-e-type=\"container\">\n\t\t\t\t<div class=\"elementor-element elementor-element-4494987 elementor-widget elementor-widget-image\" data-id=\"4494987\" data-element_type=\"widget\" data-e-type=\"widget\" data-widget_type=\"image.default\">\n\t\t\t\t<div class=\"elementor-widget-container\">\n\t\t\t\t\t\t\t\t\t\t\t\t\t\t\t<img loading=\"lazy\" decoding=\"async\" width=\"2048\" height=\"488\" src=\"https:\/\/hostify.com\/wp-content\/uploads\/2025\/04\/Logo_Cores.png\" class=\"attachment-full size-full wp-image-45222\" alt=\"\" srcset=\"https:\/\/hostify.com\/wp-content\/uploads\/2025\/04\/Logo_Cores.png 2048w, https:\/\/hostify.com\/wp-content\/uploads\/2025\/04\/Logo_Cores-300x71.png 300w, https:\/\/hostify.com\/wp-content\/uploads\/2025\/04\/Logo_Cores-1024x244.png 1024w, https:\/\/hostify.com\/wp-content\/uploads\/2025\/04\/Logo_Cores-768x183.png 768w, https:\/\/hostify.com\/wp-content\/uploads\/2025\/04\/Logo_Cores-1536x366.png 1536w\" sizes=\"(max-width: 2048px) 100vw, 2048px\">\t\t\t\t\t\t\t\t\t\t\t\t\t\t\t<\/div>\n\t\t\t\t<\/div>\n\t\t\t\t<\/div>\n\t\t\t\t\t<\/div>\n\t\t\t\t<\/div>\n\t\t<div class=\"elementor-element elementor-element-21fc547 e-flex e-con-boxed e-con e-parent\" data-id=\"21fc547\" data-element_type=\"container\" data-e-type=\"container\" data-settings=\"{&quot;background_background&quot;:&quot;classic&quot;}\">\n\t\t\t\t\t<div class=\"e-con-inner\">\n\t\t<div class=\"elementor-element elementor-element-b5423d0 e-con-full e-flex e-con e-child\" data-id=\"b5423d0\" data-element_type=\"container\" data-e-type=\"container\">\n\t\t\t\t<div class=\"elementor-element elementor-element-a40662e elementor-widget elementor-widget-text-editor\" data-id=\"a40662e\" data-element_type=\"widget\" data-e-type=\"widget\" data-widget_type=\"text-editor.default\">\n\t\t\t\t<div class=\"elementor-widget-container\">\n\t\t\t\t\t\t\t\t\t<p class=\"\" data-start=\"0\" data-end=\"269\">Junte-se a n\u00f3s num evento de meio dia, organizado pela PriceLabs, Hostify, Booking.com e Luggit, especialmente concebido para profissionais de Alojamento Local. <\/p>\n<p class=\"\" data-start=\"271\" data-end=\"503\">Esta \u00e9 uma oportunidade \u00fanica para explorar como a transforma\u00e7\u00e3o digital est\u00e1 a revolucionar a gest\u00e3o de propriedades de aluguer de curta dura\u00e7\u00e3o.Vamos discutir o impacto da Intelig\u00eancia Artificial na precifica\u00e7\u00e3o din\u00e2mica, a integra\u00e7\u00e3o entre PMS, dados de mercado e automa\u00e7\u00e3o de opera\u00e7\u00f5es, e como isso pode impulsionar receitas, melhorar a experi\u00eancia do h\u00f3spede e revelar tend\u00eancias de mercado.<\/p>\n<p class=\"\" data-start=\"505\" data-end=\"521\"><strong data-start=\"505\" data-end=\"521\">\u200bAgenda do evento<\/strong><\/p>\n<ul data-start=\"523\" data-end=\"835\">\n<li class=\"\" data-start=\"523\" data-end=\"552\">\n<p class=\"\" data-start=\"525\" data-end=\"552\"><strong data-start=\"525\" data-end=\"552\">14:30 &#8211; 14:50 | Abertura<\/strong><\/p>\n<\/li>\n<li class=\"\" data-start=\"553\" data-end=\"597\">\n<p class=\"\" data-start=\"555\" data-end=\"597\"><strong data-start=\"555\" data-end=\"597\">15:00 &#8211; 15:30 | Apresenta\u00e7\u00e3o da PriceLabs<\/strong><\/p>\n<\/li>\n<li class=\"\" data-start=\"598\" data-end=\"640\">\n<p class=\"\" data-start=\"600\" data-end=\"640\"><strong data-start=\"600\" data-end=\"640\">15:30 &#8211; 16:00 | Apresenta\u00e7\u00e3o da Hostify<\/strong><\/p>\n<\/li>\n<li class=\"\" data-start=\"641\" data-end=\"675\">\n<p class=\"\" data-start=\"643\" data-end=\"675\"><strong data-start=\"643\" data-end=\"675\">16:00 &#8211; 16:30 | PM Pausa para caf\u00e9<\/strong><\/p>\n<\/li>\n<li class=\"\" data-start=\"676\" data-end=\"716\">\n<p class=\"\" data-start=\"678\" data-end=\"716\"><strong data-start=\"678\" data-end=\"716\">16:30 &#8211; 17:00 | Painel de discuss\u00e3o 2<\/strong><\/p>\n<\/li>\n<li class=\"\" data-start=\"717\" data-end=\"758\">\n<p class=\"\" data-start=\"719\" data-end=\"758\"><strong data-start=\"719\" data-end=\"758\">17:00 &#8211; 17:30 | Apresenta\u00e7\u00e3o da Luggit<\/strong><\/p>\n<\/li>\n<li class=\"\" data-start=\"759\" data-end=\"805\">\n<p class=\"\" data-start=\"761\" data-end=\"805\"><strong data-start=\"761\" data-end=\"805\">17:30 &#8211; 18:00 | Apresenta\u00e7\u00e3o da Booking.com<\/strong><\/p>\n<\/li>\n<li class=\"\" data-start=\"806\" data-end=\"835\">\n<p class=\"\" data-start=\"808\" data-end=\"835\"><strong data-start=\"808\" data-end=\"835\">18:30 &#8211; 18:30 | Encerramento<\/strong><\/p>\n<\/li>\n<\/ul>\n<p class=\"\" data-start=\"837\" data-end=\"927\"><strong data-start=\"837\" data-end=\"859\">Quem deve participar?<br data-start=\"859\" data-end=\"862\"><\/strong>\ud83c\udfe1 Gestores de Alojamento Local<br data-start=\"891\" data-end=\"894\">\ud83d\udcca Especialistas em Gest\u00e3o de Receitas (Revenue Management)<\/p>\n<p class=\"\" data-start=\"929\" data-end=\"967\"><strong data-start=\"929\" data-end=\"967\">\u200bPor que n\u00e3o pode perder este evento:<\/strong><\/p>\n<p class=\"\" data-start=\"969\" data-end=\"1257\">\ud83d\udca1<em data-start=\"972\" data-end=\"996\"> Domine a precifica\u00e7\u00e3o din\u00e2mica<\/em>: Aprenda a otimizar as suas receitas com os conselhos de especialistas da PriceLabs.<br data-start=\"1063\" data-end=\"1066\">\ud83d\udcca <em data-start=\"1069\" data-end=\"1092\">Desvende as tend\u00eancias de mercado:<\/em> Fa\u00e7a uma an\u00e1lise aprofundada das \u00faltimas tend\u00eancias que moldam o setor do Alojamento Local.<br data-start=\"1164\" data-end=\"1167\">\ud83e\udd1d <em data-start=\"1170\" data-end=\"1195\">Conecte-se e colabore: <\/em>Fa\u00e7a networking com l\u00edderes do setor e profissionais com interesses semelhantes.<\/p>\n<p class=\"\" data-start=\"1259\" data-end=\"1390\">\ud83c\udf9f <em data-start=\"1262\" data-end=\"1313\">Vagas limitadas &#8211; Garanta o seu lugar agora!<br data-start=\"1313\" data-end=\"1316\"><\/em>Fa\u00e7a networking com outros profissionais e leve o seu AL a outro n\u00edvel numa das cidades mais vibrantes da Europa!<\/p>\n\t\t\t\t\t\t\t\t<\/div>\n\t\t\t\t<\/div>\n\t\t\t\t<div class=\"elementor-element elementor-element-9d15436 elementor-widget elementor-widget-text-editor\" data-id=\"9d15436\" data-element_type=\"widget\" data-e-type=\"widget\" data-widget_type=\"text-editor.default\">\n\t\t\t\t<div class=\"elementor-widget-container\">\n\t\t\t\t\t\t\t\t\t<p><span style=\"font-weight: 400;\">N\u00e3o perca esta oportunidade \u00fanica de aprendizagem, inova\u00e7\u00e3o e networking estrat\u00e9gico. Reserve j\u00e1 o seu lugar e fa\u00e7a parte do futuro do alojamento local! <\/span><\/p>\n<p><span style=\"font-weight: 400;\">Esperamos por si para um dia inesquec\u00edvel de conhecimento, inova\u00e7\u00e3o e networking!<\/span><\/p>\n\t\t\t\t\t\t\t\t<\/div>\n\t\t\t\t<\/div>\n\t\t\t\t<div class=\"elementor-element elementor-element-ee8b2a4 elementor-align-left elementor-widget elementor-widget-button\" data-id=\"ee8b2a4\" data-element_type=\"widget\" data-e-type=\"widget\" data-widget_type=\"button.default\">\n\t\t\t\t<div class=\"elementor-widget-container\">\n\t\t\t\t\t\t\t\t\t<div class=\"elementor-button-wrapper\">\n\t\t\t\t\t<a class=\"elementor-button elementor-button-link elementor-size-sm\" href=\"https:\/\/lu.ma\/zf24mjyu\" rel=\"nofollow noopener\" target=\"_blank\">\n\t\t\t\t\t\t<span class=\"elementor-button-content-wrapper\">\n\t\t\t\t\t\t<span class=\"elementor-button-icon\">\n\t\t\t\t<svg xmlns=\"http:\/\/www.w3.org\/2000\/svg\" width=\"23\" height=\"14\" viewBox=\"0 0 23 14\" fill=\"none\"><path d=\"M15.0806 2.64164L18.4002 5.89267H1.875C1.25876 5.89267 0.75 6.3839 0.75 7C0.75 7.6161 1.25876 8.10733 1.875 8.10733H18.4004L15.0823 11.3584C14.641 11.7908 14.641 12.4954 15.0823 12.9278C15.5207 13.3574 16.231 13.3574 16.6695 12.9278L21.9195 7.78384C22.0232 7.68223 22.1072 7.5602 22.1642 7.42398L22.1655 7.42066C22.2173 7.29164 22.25 7.15024 22.25 7.00343V7.00341V7.00339V7.00337V7.00335V7.00333V7.00331V7.00329V7.00327V7.00325V7.00324V7.00322V7.0032V7.00318V7.00316V7.00314V7.00313V7.00311V7.00309V7.00307V7.00306V7.00304V7.00302V7.00301V7.00299V7.00297V7.00296V7.00294V7.00292V7.00291V7.00289V7.00288V7.00286V7.00284V7.00283V7.00281V7.0028V7.00278V7.00277V7.00275V7.00274V7.00272V7.00271V7.00269V7.00268V7.00267V7.00265V7.00263V7.00262V7.0026V7.00257V7.00255V7.00253V7.00251V7.00249V7.00248V7.00246V7.00244V7.00242V7.0024V7.00238V7.00236V7.00234V7.00233V7.00231V7.00229V7.00227V7.00225V7.00224V7.00222V7.0022V7.00219V7.00217V7.00215V7.00214V7.00212V7.0021V7.00209V7.00207V7.00205V7.00204V7.00202V7.00201V7.00199V7.00197V7.00196V7.00194V7.00193V7.00191V7.0019V7.00188V7.00187V7.00185V7.00184V7.00182V7.00181V7.00179V7.00178V7.00176V7.00174V7.00173V7.00171V7.0017V7.00168V7.00167V7.00165V7.00164V7.00162V7.00161V7.00159V7.00158V7.00156V7.00155V7.00153V7.00152V7.0015V7.00149V7.00147V7.00146V7.00144V7.00142V7.00141V7.00139V7.00138V7.00136V7.00134V7.00133V7.00131V7.00129V7.00128V7.00126V7.00124V7.00123V7.00121V7.00119V7.00118V7.00116V7.00114V7.00112V7.0011V7.00109V7.00107V7.00105V7.00103V7.00101V7.00099V7.00097V7.00095V7.00094V7.00092V7.0009V7.00087V7.00085V7.00083V7.00081V7.00079V7.00078V7.00076V7.00074V7.00073V7.00071V7.0007V7.00068V7.00067V7.00065V7.00064V7.00062V7.00061V7.00059V7.00058V7.00056V7.00055V7.00053V7.00051V7.0005V7.00048V7.00046V7.00045V7.00043V7.00041V7.0004V7.00038V7.00036V7.00035V7.00033V7.00031V7.00029V7.00028V7.00026V7.00024V7.00022V7.0002V7.00018V7.00017V7.00015V7.00013V7.00011V7.00009V7.00007V7.00005V7.00003V7.00001C22.25 6.85507 22.2205 6.71022 22.1617 6.5744C22.1047 6.43883 22.021 6.31736 21.9177 6.21616L16.6677 1.0722C16.2293 0.642601 15.519 0.642601 15.0805 1.0722C14.6392 1.50458 14.6392 2.20921 15.0805 2.6416L15.0806 2.64164Z\" fill=\"white\" stroke=\"white\" stroke-width=\"0.5\"><\/path><\/svg>\t\t\t<\/span>\n\t\t\t\t\t\t\t\t\t<span class=\"elementor-button-text\">Registe-se agora<\/span>\n\t\t\t\t\t<\/span>\n\t\t\t\t\t<\/a>\n\t\t\t\t<\/div>\n\t\t\t\t\t\t\t\t<\/div>\n\t\t\t\t<\/div>\n\t\t\t\t<\/div>\n\t\t<div class=\"elementor-element elementor-element-df9522d e-con-full e-flex e-con e-child\" data-id=\"df9522d\" data-element_type=\"container\" data-e-type=\"container\">\n\t\t\t\t<div class=\"elementor-element elementor-element-e787c90 elementor-widget elementor-widget-image\" data-id=\"e787c90\" data-element_type=\"widget\" data-e-type=\"widget\" data-widget_type=\"image.default\">\n\t\t\t\t<div class=\"elementor-widget-container\">\n\t\t\t\t\t\t\t\t\t\t\t\t\t\t\t<img loading=\"lazy\" decoding=\"async\" width=\"2560\" height=\"1705\" src=\"https:\/\/hostify.com\/wp-content\/uploads\/2025\/04\/aerial-shot-praca-comercio-square-lisbon-portugal-scaled.jpg\" class=\"attachment-full size-full wp-image-45226\" alt=\"\" srcset=\"https:\/\/hostify.com\/wp-content\/uploads\/2025\/04\/aerial-shot-praca-comercio-square-lisbon-portugal-scaled.jpg 2560w, https:\/\/hostify.com\/wp-content\/uploads\/2025\/04\/aerial-shot-praca-comercio-square-lisbon-portugal-300x200.jpg 300w, https:\/\/hostify.com\/wp-content\/uploads\/2025\/04\/aerial-shot-praca-comercio-square-lisbon-portugal-1024x682.jpg 1024w, https:\/\/hostify.com\/wp-content\/uploads\/2025\/04\/aerial-shot-praca-comercio-square-lisbon-portugal-768x512.jpg 768w, https:\/\/hostify.com\/wp-content\/uploads\/2025\/04\/aerial-shot-praca-comercio-square-lisbon-portugal-1536x1023.jpg 1536w, https:\/\/hostify.com\/wp-content\/uploads\/2025\/04\/aerial-shot-praca-comercio-square-lisbon-portugal-2048x1364.jpg 2048w\" sizes=\"(max-width: 2560px) 100vw, 2560px\">\t\t\t\t\t\t\t\t\t\t\t\t\t\t\t<\/div>\n\t\t\t\t<\/div>\n\t\t\t\t<div class=\"elementor-element elementor-element-38c644d elementor-widget elementor-widget-image\" data-id=\"38c644d\" data-element_type=\"widget\" data-e-type=\"widget\" data-widget_type=\"image.default\">\n\t\t\t\t<div class=\"elementor-widget-container\">\n\t\t\t\t\t\t\t\t\t\t\t\t\t\t\t<img loading=\"lazy\" decoding=\"async\" width=\"1380\" height=\"946\" src=\"https:\/\/hostify.com\/wp-content\/uploads\/2025\/03\/people-talking-hangout-with-iced-tea_53876-31516.jpg\" class=\"attachment-full size-full wp-image-44292\" alt=\"\" srcset=\"https:\/\/hostify.com\/wp-content\/uploads\/2025\/03\/people-talking-hangout-with-iced-tea_53876-31516.jpg 1380w, https:\/\/hostify.com\/wp-content\/uploads\/2025\/03\/people-talking-hangout-with-iced-tea_53876-31516-300x206.jpg 300w, https:\/\/hostify.com\/wp-content\/uploads\/2025\/03\/people-talking-hangout-with-iced-tea_53876-31516-1024x702.jpg 1024w, https:\/\/hostify.com\/wp-content\/uploads\/2025\/03\/people-talking-hangout-with-iced-tea_53876-31516-768x526.jpg 768w\" sizes=\"(max-width: 1380px) 100vw, 1380px\">\t\t\t\t\t\t\t\t\t\t\t\t\t\t\t<\/div>\n\t\t\t\t<\/div>\n\t\t\t\t<\/div>\n\t\t\t\t\t<\/div>\n\t\t\t\t<\/div>\n\t\t\t\t<\/div>\n\t\t","protected":false},"excerpt":{"rendered":"<p>Potencialize o seu AL: Edi\u00e7\u00e3o Lisboa Date: Ter\u00e7a-feira, 13 de maio Location: Lisbon, Portugal Duration: 2:30 PM &#8211; 6:00 PM GMT+1 Formato: Uma experi\u00eancia din\u00e2mica com palestras, debates e networking. Registe-se agora Junte-se a n\u00f3s num evento de meio dia, organizado pela PriceLabs, Hostify, Booking.com e Luggit, especialmente concebido para profissionais de Alojamento Local. Esta [&hellip;]<\/p>\n","protected":false},"author":3,"featured_media":0,"parent":0,"menu_order":0,"comment_status":"closed","ping_status":"closed","template":"","meta":{"_acf_changed":false,"content-type":"","footnotes":""},"class_list":["post-45231","page","type-page","status-publish","hentry"],"acf":[],"_links":{"self":[{"href":"https:\/\/hostify.com\/pt-pt\/wp-json\/wp\/v2\/pages\/45231","targetHints":{"allow":["GET"]}}],"collection":[{"href":"https:\/\/hostify.com\/pt-pt\/wp-json\/wp\/v2\/pages"}],"about":[{"href":"https:\/\/hostify.com\/pt-pt\/wp-json\/wp\/v2\/types\/page"}],"author":[{"embeddable":true,"href":"https:\/\/hostify.com\/pt-pt\/wp-json\/wp\/v2\/users\/3"}],"replies":[{"embeddable":true,"href":"https:\/\/hostify.com\/pt-pt\/wp-json\/wp\/v2\/comments?post=45231"}],"version-history":[{"count":0,"href":"https:\/\/hostify.com\/pt-pt\/wp-json\/wp\/v2\/pages\/45231\/revisions"}],"wp:attachment":[{"href":"https:\/\/hostify.com\/pt-pt\/wp-json\/wp\/v2\/media?parent=45231"}],"curies":[{"name":"wp","href":"https:\/\/api.w.org\/{rel}","templated":true}]}}