{"id":12728,"date":"2023-02-02T20:36:41","date_gmt":"2023-02-02T20:36:41","guid":{"rendered":"https:\/\/hostify.com\/contacto\/"},"modified":"2025-04-30T13:31:18","modified_gmt":"2025-04-30T13:31:18","slug":"contacts","status":"publish","type":"page","link":"https:\/\/hostify.com\/pt-pt\/contacts","title":{"rendered":"Contacto"},"content":{"rendered":"\t\t<div data-elementor-type=\"wp-page\" data-elementor-id=\"12728\" class=\"elementor elementor-12728 elementor-279\" data-elementor-post-type=\"page\">\n\t\t\t\t<div class=\"elementor-element elementor-element-265f94b e-flex e-con-boxed e-con e-parent\" data-id=\"265f94b\" data-element_type=\"container\" data-e-type=\"container\" data-settings=\"{&quot;background_background&quot;:&quot;classic&quot;}\">\n\t\t\t\t\t<div class=\"e-con-inner\">\n\t\t<div class=\"elementor-element elementor-element-80b71e8 e-con-full e-flex e-con e-child\" data-id=\"80b71e8\" data-element_type=\"container\" data-e-type=\"container\">\n\t\t\t\t<div class=\"elementor-element elementor-element-f9d5189 elementor-widget elementor-widget-heading\" data-id=\"f9d5189\" data-element_type=\"widget\" data-e-type=\"widget\" data-widget_type=\"heading.default\">\n\t\t\t\t<div class=\"elementor-widget-container\">\n\t\t\t\t\t<h1 class=\"elementor-heading-title elementor-size-default\">Entre em contato com a Hostify<\/h1>\t\t\t\t<\/div>\n\t\t\t\t<\/div>\n\t\t\t\t<div class=\"elementor-element elementor-element-35d72a1 elementor-widget elementor-widget-text-editor\" data-id=\"35d72a1\" data-element_type=\"widget\" data-e-type=\"widget\" data-widget_type=\"text-editor.default\">\n\t\t\t\t<div class=\"elementor-widget-container\">\n\t\t\t\t\t\t\t\t\t<p>Nossa equipe ter\u00e1 prazer em ajud\u00e1-lo com sua pergunta sobre recursos, integra\u00e7\u00f5es, parcerias ou qualquer d\u00favida relacionada a pre\u00e7os.<\/p>\n\t\t\t\t\t\t\t\t<\/div>\n\t\t\t\t<\/div>\n\t\t\t\t<\/div>\n\t\t<div class=\"elementor-element elementor-element-b76b626 e-con-full e-flex e-con e-child\" data-id=\"b76b626\" data-element_type=\"container\" data-e-type=\"container\">\n\t\t\t\t<div class=\"elementor-element elementor-element-9d18e81 elementor-widget elementor-widget-image\" data-id=\"9d18e81\" data-element_type=\"widget\" data-e-type=\"widget\" data-widget_type=\"image.default\">\n\t\t\t\t<div class=\"elementor-widget-container\">\n\t\t\t\t\t\t\t\t\t\t\t\t\t\t\t<img fetchpriority=\"high\" decoding=\"async\" width=\"756\" height=\"678\" src=\"https:\/\/hostify.com\/wp-content\/uploads\/2023\/02\/contact-hostify.png\" class=\"attachment-full size-full wp-image-1983\" alt=\"\" srcset=\"https:\/\/hostify.com\/wp-content\/uploads\/2023\/02\/contact-hostify.png 756w, https:\/\/hostify.com\/wp-content\/uploads\/2023\/02\/contact-hostify-300x269.png 300w\" sizes=\"(max-width: 756px) 100vw, 756px\">\t\t\t\t\t\t\t\t\t\t\t\t\t\t\t<\/div>\n\t\t\t\t<\/div>\n\t\t\t\t<\/div>\n\t\t\t\t\t<\/div>\n\t\t\t\t<\/div>\n\t\t<div class=\"elementor-element elementor-element-3d72cce e-flex e-con-boxed e-con e-parent\" data-id=\"3d72cce\" data-element_type=\"container\" data-e-type=\"container\">\n\t\t\t\t\t<div class=\"e-con-inner\">\n\t\t<div class=\"elementor-element elementor-element-b3a7b0a e-con-full e-flex e-con e-child\" data-id=\"b3a7b0a\" data-element_type=\"container\" data-e-type=\"container\" data-settings=\"{&quot;background_background&quot;:&quot;classic&quot;}\">\n\t\t\t\t<div class=\"elementor-element elementor-element-e6fe4d7 elementor-widget elementor-widget-html\" data-id=\"e6fe4d7\" data-element_type=\"widget\" data-e-type=\"widget\" data-widget_type=\"html.default\">\n\t\t\t\t<div class=\"elementor-widget-container\">\n\t\t\t\t\t<script charset=\"utf-8\" type=\"text\/javascript\" src=\"https:\/\/\r\njs.hsforms.net\/forms\/shell.js\"><\/script>\r\n<script>\r\nhbspt.forms.create({\r\nregion: \"na1\",\r\nportalId: \"5828152\",\r\nformId: \"18b76788-e4c9-4dcf-ae4b-0d1ecb1ce322\"\r\n});\r\n<\/script>\t\t\t\t<\/div>\n\t\t\t\t<\/div>\n\t\t\t\t<\/div>\n\t\t<div class=\"elementor-element elementor-element-0e2ee50 e-con-full e-flex e-con e-child\" data-id=\"0e2ee50\" data-element_type=\"container\" data-e-type=\"container\" data-settings=\"{&quot;background_background&quot;:&quot;classic&quot;}\">\n\t\t\t\t<div class=\"elementor-element elementor-element-3e462e0 elementor-widget elementor-widget-image\" data-id=\"3e462e0\" data-element_type=\"widget\" data-e-type=\"widget\" data-widget_type=\"image.default\">\n\t\t\t\t<div class=\"elementor-widget-container\">\n\t\t\t\t\t\t\t\t\t\t\t\t\t\t\t<img decoding=\"async\" width=\"2000\" height=\"980\" src=\"https:\/\/hostify.com\/wp-content\/uploads\/2025\/04\/map-2025-apr.png\" class=\"attachment-full size-full wp-image-45184\" alt=\"\" srcset=\"https:\/\/hostify.com\/wp-content\/uploads\/2025\/04\/map-2025-apr.png 2000w, https:\/\/hostify.com\/wp-content\/uploads\/2025\/04\/map-2025-apr-300x147.png 300w, https:\/\/hostify.com\/wp-content\/uploads\/2025\/04\/map-2025-apr-1024x502.png 1024w, https:\/\/hostify.com\/wp-content\/uploads\/2025\/04\/map-2025-apr-768x376.png 768w, https:\/\/hostify.com\/wp-content\/uploads\/2025\/04\/map-2025-apr-1536x753.png 1536w\" sizes=\"(max-width: 2000px) 100vw, 2000px\">\t\t\t\t\t\t\t\t\t\t\t\t\t\t\t<\/div>\n\t\t\t\t<\/div>\n\t\t\t\t<\/div>\n\t\t\t\t\t<\/div>\n\t\t\t\t<\/div>\n\t\t\t\t<\/div>\n\t\t","protected":false},"excerpt":{"rendered":"<p>Entre em contato com a Hostify Nossa equipe ter\u00e1 prazer em ajud\u00e1-lo com sua pergunta sobre recursos, integra\u00e7\u00f5es, parcerias ou qualquer d\u00favida relacionada a pre\u00e7os&#8230;.<\/p>\n","protected":false},"author":1,"featured_media":0,"parent":0,"menu_order":0,"comment_status":"closed","ping_status":"closed","template":"elementor_header_footer","meta":{"_acf_changed":false,"content-type":"","footnotes":""},"class_list":["post-12728","page","type-page","status-publish","hentry"],"acf":[],"_links":{"self":[{"href":"https:\/\/hostify.com\/pt-pt\/wp-json\/wp\/v2\/pages\/12728","targetHints":{"allow":["GET"]}}],"collection":[{"href":"https:\/\/hostify.com\/pt-pt\/wp-json\/wp\/v2\/pages"}],"about":[{"href":"https:\/\/hostify.com\/pt-pt\/wp-json\/wp\/v2\/types\/page"}],"author":[{"embeddable":true,"href":"https:\/\/hostify.com\/pt-pt\/wp-json\/wp\/v2\/users\/1"}],"replies":[{"embeddable":true,"href":"https:\/\/hostify.com\/pt-pt\/wp-json\/wp\/v2\/comments?post=12728"}],"version-history":[{"count":0,"href":"https:\/\/hostify.com\/pt-pt\/wp-json\/wp\/v2\/pages\/12728\/revisions"}],"wp:attachment":[{"href":"https:\/\/hostify.com\/pt-pt\/wp-json\/wp\/v2\/media?parent=12728"}],"curies":[{"name":"wp","href":"https:\/\/api.w.org\/{rel}","templated":true}]}}