{"id":24564,"date":"2023-02-03T06:38:49","date_gmt":"2023-02-03T06:38:49","guid":{"rendered":"https:\/\/hostify.com\/reservez-une-demo"},"modified":"2026-03-20T15:18:03","modified_gmt":"2026-03-20T15:18:03","slug":"reservez-une-demo","status":"publish","type":"page","link":"https:\/\/hostify.com\/fr\/reservez-une-demo","title":{"rendered":"R\u00e9servez une d\u00e9mo"},"content":{"rendered":"\t\t<div data-elementor-type=\"wp-page\" data-elementor-id=\"24564\" class=\"elementor elementor-24564 elementor-318\" data-elementor-post-type=\"page\">\n\t\t\t\t<div class=\"elementor-element elementor-element-c6294dc e-flex e-con-boxed e-con e-parent\" data-id=\"c6294dc\" data-element_type=\"container\" data-e-type=\"container\" data-settings=\"{&quot;background_background&quot;:&quot;classic&quot;}\">\n\t\t\t\t\t<div class=\"e-con-inner\">\n\t\t<div class=\"elementor-element elementor-element-6bf0c17 e-con-full e-flex e-con e-child\" data-id=\"6bf0c17\" data-element_type=\"container\" data-e-type=\"container\">\n\t\t\t\t<div class=\"elementor-element elementor-element-8c85180 elementor-widget elementor-widget-heading\" data-id=\"8c85180\" data-element_type=\"widget\" data-e-type=\"widget\" data-widget_type=\"heading.default\">\n\t\t\t\t<div class=\"elementor-widget-container\">\n\t\t\t\t\t<h1 class=\"elementor-heading-title elementor-size-default\">Commencez avec Hostify<\/h1>\t\t\t\t<\/div>\n\t\t\t\t<\/div>\n\t\t\t\t<div class=\"elementor-element elementor-element-7d5f834 elementor-widget elementor-widget-text-editor\" data-id=\"7d5f834\" data-element_type=\"widget\" data-e-type=\"widget\" data-widget_type=\"text-editor.default\">\n\t\t\t\t<div class=\"elementor-widget-container\">\n\t\t\t\t\t\t\t\t\t<p>Veuillez s\u00e9lectionner l&rsquo;option qui vous convient le mieux :<\/p>\n\t\t\t\t\t\t\t\t<\/div>\n\t\t\t\t<\/div>\n\t\t\t\t<\/div>\n\t\t\t\t\t<\/div>\n\t\t\t\t<\/div>\n\t\t<div class=\"elementor-element elementor-element-19e1ac8 e-flex e-con-boxed e-con e-parent\" data-id=\"19e1ac8\" data-element_type=\"container\" data-e-type=\"container\" data-settings=\"{&quot;background_background&quot;:&quot;classic&quot;}\">\n\t\t\t\t\t<div class=\"e-con-inner\">\n\t\t<div class=\"elementor-element elementor-element-623e8b6 e-flex e-con-boxed e-con e-child\" data-id=\"623e8b6\" data-element_type=\"container\" data-e-type=\"container\">\n\t\t\t\t\t<div class=\"e-con-inner\">\n\t\t<a class=\"elementor-element elementor-element-7e0bde7 e-con-full e-transform e-flex e-con e-child\" data-id=\"7e0bde7\" data-element_type=\"container\" data-e-type=\"container\" data-settings=\"{&quot;background_background&quot;:&quot;classic&quot;,&quot;_transform_scale_effect_hover&quot;:{&quot;unit&quot;:&quot;px&quot;,&quot;size&quot;:1.05,&quot;sizes&quot;:[]},&quot;_transform_scale_effect_hover_tablet&quot;:{&quot;unit&quot;:&quot;px&quot;,&quot;size&quot;:&quot;&quot;,&quot;sizes&quot;:[]},&quot;_transform_scale_effect_hover_mobile&quot;:{&quot;unit&quot;:&quot;px&quot;,&quot;size&quot;:&quot;&quot;,&quot;sizes&quot;:[]}}\" href=\"https:\/\/hostify.com\/fr\/reservez-une-demo\/form\">\n\t\t\t\t<div class=\"elementor-element elementor-element-6ba0731 elementor-widget__width-initial elementor-position-top elementor-widget elementor-widget-image-box\" data-id=\"6ba0731\" data-element_type=\"widget\" data-e-type=\"widget\" data-widget_type=\"image-box.default\">\n\t\t\t\t<div class=\"elementor-widget-container\">\n\t\t\t\t\t<div class=\"elementor-image-box-wrapper\"><figure class=\"elementor-image-box-img\"><img decoding=\"async\" width=\"100\" height=\"100\" src=\"https:\/\/hostify.com\/wp-content\/uploads\/2023\/07\/icon4.svg\" class=\"attachment-full size-full wp-image-23574\" alt=\"\"><\/figure><div class=\"elementor-image-box-content\"><p class=\"elementor-image-box-description\">G\u00e9rant<br>\n4 unit\u00e9s ou moins<\/p><\/div><\/div>\t\t\t\t<\/div>\n\t\t\t\t<\/div>\n\t\t\t\t<div class=\"elementor-element elementor-element-b89161c elementor-widget-mobile__width-inherit elementor-widget elementor-widget-heading\" data-id=\"b89161c\" data-element_type=\"widget\" data-e-type=\"widget\" data-widget_type=\"heading.default\">\n\t\t\t\t<div class=\"elementor-widget-container\">\n\t\t\t\t\t<p class=\"elementor-heading-title elementor-size-default\">Valider<\/p>\t\t\t\t<\/div>\n\t\t\t\t<\/div>\n\t\t\t\t<\/a>\n\t\t<a class=\"elementor-element elementor-element-94e95e1 e-con-full e-transform e-flex e-con e-child\" data-id=\"94e95e1\" data-element_type=\"container\" data-e-type=\"container\" data-settings=\"{&quot;background_background&quot;:&quot;classic&quot;,&quot;_transform_scale_effect_hover&quot;:{&quot;unit&quot;:&quot;px&quot;,&quot;size&quot;:1.05,&quot;sizes&quot;:[]},&quot;_transform_scale_effect_hover_tablet&quot;:{&quot;unit&quot;:&quot;px&quot;,&quot;size&quot;:&quot;&quot;,&quot;sizes&quot;:[]},&quot;_transform_scale_effect_hover_mobile&quot;:{&quot;unit&quot;:&quot;px&quot;,&quot;size&quot;:&quot;&quot;,&quot;sizes&quot;:[]}}\" href=\"https:\/\/hostify.com\/fr\/reservez-une-demo\/demo\">\n\t\t\t\t<div class=\"elementor-element elementor-element-d1fa8d2 elementor-widget__width-initial elementor-position-top elementor-widget elementor-widget-image-box\" data-id=\"d1fa8d2\" data-element_type=\"widget\" data-e-type=\"widget\" data-widget_type=\"image-box.default\">\n\t\t\t\t<div class=\"elementor-widget-container\">\n\t\t\t\t\t<div class=\"elementor-image-box-wrapper\"><figure class=\"elementor-image-box-img\"><img decoding=\"async\" width=\"100\" height=\"100\" src=\"https:\/\/hostify.com\/wp-content\/uploads\/2023\/07\/icon5.svg\" class=\"attachment-full size-full wp-image-23573\" alt=\"\"><\/figure><div class=\"elementor-image-box-content\"><p class=\"elementor-image-box-description\">G\u00e9rant<br>\n5 unit\u00e9s ou plus<\/p><\/div><\/div>\t\t\t\t<\/div>\n\t\t\t\t<\/div>\n\t\t\t\t<div class=\"elementor-element elementor-element-cf839d5 elementor-widget-mobile__width-inherit elementor-widget elementor-widget-heading\" data-id=\"cf839d5\" data-element_type=\"widget\" data-e-type=\"widget\" data-widget_type=\"heading.default\">\n\t\t\t\t<div class=\"elementor-widget-container\">\n\t\t\t\t\t<p class=\"elementor-heading-title elementor-size-default\">Valider<\/p>\t\t\t\t<\/div>\n\t\t\t\t<\/div>\n\t\t\t\t<\/a>\n\t\t\t\t\t<\/div>\n\t\t\t\t<\/div>\n\t\t\t\t\t<\/div>\n\t\t\t\t<\/div>\n\t\t<div class=\"elementor-element elementor-element-47ca554 e-flex e-con-boxed e-con e-parent\" data-id=\"47ca554\" data-element_type=\"container\" data-e-type=\"container\" data-settings=\"{&quot;background_background&quot;:&quot;classic&quot;}\">\n\t\t\t\t\t<div class=\"e-con-inner\">\n\t\t<div class=\"elementor-element elementor-element-f0ca688 e-con-full e-flex e-con e-child\" data-id=\"f0ca688\" data-element_type=\"container\" data-e-type=\"container\">\n\t\t\t\t<div class=\"elementor-element elementor-element-2372cc3 elementor-widget elementor-widget-heading\" data-id=\"2372cc3\" data-element_type=\"widget\" data-e-type=\"widget\" data-widget_type=\"heading.default\">\n\t\t\t\t<div class=\"elementor-widget-container\">\n\t\t\t\t\t<h2 class=\"elementor-heading-title elementor-size-default\">D\u00e9couvrez pourquoi nos clients adorent Hostify.<\/h2>\t\t\t\t<\/div>\n\t\t\t\t<\/div>\n\t\t\t\t<div class=\"elementor-element elementor-element-6c853d9 elementor-widget__width-initial elementor-arrows-yes elementor--star-style-star_fontawesome elementor-widget elementor-widget-global elementor-global-39170 elementor-global-13420 elementor-widget-reviews\" data-id=\"6c853d9\" data-element_type=\"widget\" data-e-type=\"widget\" data-settings=\"{&quot;slides_per_view&quot;:&quot;1&quot;,&quot;slides_per_view_mobile&quot;:&quot;1&quot;,&quot;show_arrows&quot;:&quot;yes&quot;,&quot;speed&quot;:500,&quot;loop&quot;:&quot;yes&quot;,&quot;space_between&quot;:{&quot;unit&quot;:&quot;px&quot;,&quot;size&quot;:10,&quot;sizes&quot;:[]},&quot;space_between_tablet&quot;:{&quot;unit&quot;:&quot;px&quot;,&quot;size&quot;:10,&quot;sizes&quot;:[]},&quot;space_between_mobile&quot;:{&quot;unit&quot;:&quot;px&quot;,&quot;size&quot;:10,&quot;sizes&quot;:[]}}\" data-widget_type=\"reviews.default\">\n\t\t\t\t<div class=\"elementor-widget-container\">\n\t\t\t\t\t\t\t\t\t<div class=\"elementor-swiper\">\n\t\t\t\t\t<div class=\"elementor-main-swiper swiper\" role=\"region\" aria-roledescription=\"carousel\" aria-label=\"Diapositives\">\n\t\t\t\t<div class=\"swiper-wrapper\">\n\t\t\t\t\t\t\t\t\t\t\t<div class=\"swiper-slide\" role=\"group\" aria-roledescription=\"slide\">\n\t\t\t\t\t\t\t\t\t<div class=\"elementor-testimonial elementor-repeater-item-8ffbc4e\">\n\t\t\t\t\t\t\t<div class=\"elementor-testimonial__header\">\n\t\t\t\t\t\t\t\t\t\t\t<div class=\"elementor-testimonial__image\">\n\t\t\t\t\t\t\t<img decoding=\"async\" src=\"https:\/\/hostify.com\/wp-content\/uploads\/2024\/06\/1695646597197.jpeg\" alt=\"TuSereno, Espagne\">\n\t\t\t\t\t\t\t\t\t\t\t\t\t<\/div>\n\t\t\t\t\t\t\t\t\t\t<cite class=\"elementor-testimonial__cite\"><span class=\"elementor-testimonial__name\">TuSereno, Espagne<\/span><span class=\"elementor-testimonial__title\">Jos\u00e9 Huescar, co-fondateur<\/span><\/cite>\t\t\t\t\t<div class=\"elementor-testimonial__icon elementor-icon elementor-icon-\" aria-label=\"Lire plus\"><\/div>\t\t\t\t<\/div>\n\t\t\t\t\t\t\t\t\t\t<div class=\"elementor-testimonial__content\">\n\t\t\t\t\t<div class=\"elementor-testimonial__text\">\n\t\t\t\t\t\tDepuis que nous avons int\u00e9gr\u00e9 Hostify, notre efficacit\u00e9 et notre productivit\u00e9 ont grimp\u00e9 en fl\u00e8che gr\u00e2ce \u00e0 ses fonctionnalit\u00e9s avanc\u00e9es d'automatisation. Nous avons pu personnaliser et rationaliser nos flux de travail comme jamais auparavant. Le service client de Hostify, de premier ordre, r\u00e9sout rapidement tout probl\u00e8me, garantissant une exp\u00e9rience utilisateur fluide et positive. En r\u00e9sum\u00e9, Hostify a \u00e9t\u00e9 un v\u00e9ritable catalyseur pour notre croissance et notre succ\u00e8s, am\u00e9liorant nos interactions avec les clients et simplifiant nos op\u00e9rations quotidiennes.   \t\t\t\t\t<\/div>\n\t\t\t\t<\/div>\n\t\t\t\t\t<\/div>\n\t\t\t\t\t\t\t\t<\/div>\n\t\t\t\t\t\t\t\t\t\t\t<div class=\"swiper-slide\" role=\"group\" aria-roledescription=\"slide\">\n\t\t\t\t\t\t\t\t\t<div class=\"elementor-testimonial elementor-repeater-item-b2edf86\">\n\t\t\t\t\t\t\t<div class=\"elementor-testimonial__header\">\n\t\t\t\t\t\t\t\t\t\t\t<div class=\"elementor-testimonial__image\">\n\t\t\t\t\t\t\t<img decoding=\"async\" src=\"https:\/\/hostify.com\/wp-content\/uploads\/2024\/06\/IMG-20240606-WA00091.jpg\" alt=\"Virtual Homes, Mexique\">\n\t\t\t\t\t\t\t\t\t\t\t\t\t<\/div>\n\t\t\t\t\t\t\t\t\t\t<cite class=\"elementor-testimonial__cite\"><span class=\"elementor-testimonial__name\">Virtual Homes, Mexique<\/span><span class=\"elementor-testimonial__title\">Nathan Carrillo, co-fondateur et PDG<\/span><\/cite>\t\t\t\t\t<div class=\"elementor-testimonial__icon elementor-icon elementor-icon-\" aria-label=\"Lire plus\"><\/div>\t\t\t\t<\/div>\n\t\t\t\t\t\t\t\t\t\t<div class=\"elementor-testimonial__content\">\n\t\t\t\t\t<div class=\"elementor-testimonial__text\">\n\t\t\t\t\t\tHostify est une v\u00e9ritable r\u00e9volution ! Leurs fonctionnalit\u00e9s d'automatisation et leur site web sont une b\u00e9n\u00e9diction absolue. Nous avons dit adieu aux t\u00e2ches manuelles \u2013 tout est automatis\u00e9, des r\u00e9servations aux communications avec les invit\u00e9s. Et avec leur site de r\u00e9servation, nous avons r\u00e9duit les frais de commission des canaux et constat\u00e9 une augmentation significative des r\u00e9servations directes. C'est super intuitif et facile \u00e0 utiliser. Avec Hostify aux commandes, je peux me concentrer sur le bonheur des invit\u00e9s et sur la croissance de mon entreprise sans effort. C'est gagnant-gagnant!      \t\t\t\t\t<\/div>\n\t\t\t\t<\/div>\n\t\t\t\t\t<\/div>\n\t\t\t\t\t\t\t\t<\/div>\n\t\t\t\t\t\t\t\t\t\t\t<div class=\"swiper-slide\" role=\"group\" aria-roledescription=\"slide\">\n\t\t\t\t\t\t\t\t\t<div class=\"elementor-testimonial elementor-repeater-item-42d24eb\">\n\t\t\t\t\t\t\t<div class=\"elementor-testimonial__header\">\n\t\t\t\t\t\t\t\t\t\t\t<div class=\"elementor-testimonial__image\">\n\t\t\t\t\t\t\t<img decoding=\"async\" src=\"https:\/\/hostify.com\/wp-content\/uploads\/2023\/02\/jose-m.jpg\" alt=\"Cielo Stays, USA\">\n\t\t\t\t\t\t\t\t\t\t\t\t\t<\/div>\n\t\t\t\t\t\t\t\t\t\t<cite class=\"elementor-testimonial__cite\"><span class=\"elementor-testimonial__name\">Cielo Stays, USA<\/span><span class=\"elementor-testimonial__title\">Jos\u00e9 Miori, Pr\u00e9sident\/Responsable Principal<\/span><\/cite>\t\t\t\t\t<div class=\"elementor-testimonial__icon elementor-icon elementor-icon-\" aria-label=\"Lire plus\"><\/div>\t\t\t\t<\/div>\n\t\t\t\t\t\t\t\t\t\t<div class=\"elementor-testimonial__content\">\n\t\t\t\t\t<div class=\"elementor-testimonial__text\">\n\t\t\t\t\t\tHostify \u00e9tait la solution la plus compl\u00e8te avec une strat\u00e9gie de tarification tr\u00e8s comp\u00e9titive et claire. Le moteur de r\u00e9servation directe est meilleur que tout autre, tr\u00e8s facile \u00e0 mettre en place et enti\u00e8rement int\u00e9gr\u00e9 avec le syst\u00e8me de calendrier et tous les outils. Nous avons trouv\u00e9 que Hostify est le meilleur outil pour automatiser toutes les op\u00e9rations, la gestion des canaux, les paiements, etc. Ils ont consid\u00e9rablement am\u00e9lior\u00e9 l'efficacit\u00e9 de nos op\u00e9rations et ont permis \u00e0 notre personnel de se concentrer sur l'exp\u00e9rience des invit\u00e9s.   \t\t\t\t\t<\/div>\n\t\t\t\t<\/div>\n\t\t\t\t\t<\/div>\n\t\t\t\t\t\t\t\t<\/div>\n\t\t\t\t\t\t\t\t\t\t\t<div class=\"swiper-slide\" role=\"group\" aria-roledescription=\"slide\">\n\t\t\t\t\t\t\t\t\t<div class=\"elementor-testimonial elementor-repeater-item-7e6b108\">\n\t\t\t\t\t\t\t<div class=\"elementor-testimonial__header\">\n\t\t\t\t\t\t\t\t\t\t\t<div class=\"elementor-testimonial__image\">\n\t\t\t\t\t\t\t<img decoding=\"async\" src=\"https:\/\/hostify.com\/wp-content\/uploads\/2024\/06\/1517508329327.jpeg\" alt=\"VLCHost, Espagne\">\n\t\t\t\t\t\t\t\t\t\t\t\t\t<\/div>\n\t\t\t\t\t\t\t\t\t\t<cite class=\"elementor-testimonial__cite\"><span class=\"elementor-testimonial__name\">VLCHost, Espagne<\/span><span class=\"elementor-testimonial__title\">Enrique Alonso, Fondateur et PDG<\/span><\/cite>\t\t\t\t\t<div class=\"elementor-testimonial__icon elementor-icon elementor-icon-\" aria-label=\"Lire plus\"><\/div>\t\t\t\t<\/div>\n\t\t\t\t\t\t\t\t\t\t<div class=\"elementor-testimonial__content\">\n\t\t\t\t\t<div class=\"elementor-testimonial__text\">\n\t\t\t\t\t\tApr\u00e8s avoir explor\u00e9 de nombreuses options de PMS, Hostify est rapidement devenu notre choix pr\u00e9f\u00e9r\u00e9. Leur support exceptionnel et leur attention aux d\u00e9tails nous ont impressionn\u00e9s d\u00e8s le d\u00e9but. La gestion de canaux robuste de Hostify et ses fonctionnalit\u00e9s adaptables correspondent parfaitement \u00e0 notre style de gestion, rendant des t\u00e2ches telles que les paiements automatis\u00e9s, les d\u00e9p\u00f4ts, les communications et la facturation tr\u00e8s simples. Les am\u00e9liorations continues de Hostify et son engagement envers l'innovation continuent de d\u00e9passer nos attentes.   \t\t\t\t\t<\/div>\n\t\t\t\t<\/div>\n\t\t\t\t\t<\/div>\n\t\t\t\t\t\t\t\t<\/div>\n\t\t\t\t\t\t\t\t\t\t\t<div class=\"swiper-slide\" role=\"group\" aria-roledescription=\"slide\">\n\t\t\t\t\t\t\t\t\t<div class=\"elementor-testimonial elementor-repeater-item-a696eaa\">\n\t\t\t\t\t\t\t<div class=\"elementor-testimonial__header\">\n\t\t\t\t\t\t\t\t\t\t\t<div class=\"elementor-testimonial__image\">\n\t\t\t\t\t\t\t<img decoding=\"async\" src=\"https:\/\/hostify.com\/wp-content\/uploads\/2023\/03\/loginn-e1653498104422.webp\" alt=\"Loginn, Israel\">\n\t\t\t\t\t\t\t\t\t\t\t\t\t<\/div>\n\t\t\t\t\t\t\t\t\t\t<cite class=\"elementor-testimonial__cite\"><span class=\"elementor-testimonial__name\">Loginn, Israel<\/span><span class=\"elementor-testimonial__title\">Donna Livay, PDG<\/span><\/cite>\t\t\t\t\t<div class=\"elementor-testimonial__icon elementor-icon elementor-icon-\" aria-label=\"Lire plus\"><\/div>\t\t\t\t<\/div>\n\t\t\t\t\t\t\t\t\t\t<div class=\"elementor-testimonial__content\">\n\t\t\t\t\t<div class=\"elementor-testimonial__text\">\n\t\t\t\t\t\tDepuis que nous avons commenc\u00e9 \u00e0 accueillir des h\u00f4tes, nous avons investigu\u00e9 et utilis\u00e9 au moins 5-7 syst\u00e8mes diff\u00e9rents de gestion de canaux, aucun d'entre eux n'\u00e9tait aussi bon que Hostify. Le logiciel est super facile \u00e0 utiliser, l'interface est rapide, les fonctionnalit\u00e9s sont utiles et certaines sont m\u00eame sur mesure pour moi. Ma fonctionnalit\u00e9 pr\u00e9f\u00e9r\u00e9e est leur incroyable bo\u00eete de r\u00e9ception et le beau mod\u00e8le de site web. L'\u00e9quipe de Hostify est ravie de cr\u00e9er les meilleures fonctionnalit\u00e9s pour les h\u00f4tes et les gestionnaires d'h\u00f4tels ; ils ont beaucoup r\u00e9fl\u00e9chi \u00e0 nos besoins et ont cr\u00e9\u00e9 le meilleur syst\u00e8me de gestion de canaux que j'ai vu. De plus, ils sont super r\u00e9actifs et r\u00e9pondent presque \u00e0 toutes les questions en un rien de temps. Nous exploitons 70 unit\u00e9s et nous recommandons vivement Hostify!     \t\t\t\t\t<\/div>\n\t\t\t\t<\/div>\n\t\t\t\t\t<\/div>\n\t\t\t\t\t\t\t\t<\/div>\n\t\t\t\t\t\t\t\t\t\t\t<div class=\"swiper-slide\" role=\"group\" aria-roledescription=\"slide\">\n\t\t\t\t\t\t\t\t\t<div class=\"elementor-testimonial elementor-repeater-item-510cd87\">\n\t\t\t\t\t\t\t<div class=\"elementor-testimonial__header\">\n\t\t\t\t\t\t\t\t\t\t\t<div class=\"elementor-testimonial__image\">\n\t\t\t\t\t\t\t<img decoding=\"async\" src=\"https:\/\/hostify.com\/wp-content\/uploads\/2023\/03\/maui_icon-e1653498083469.jpg\" alt=\"Maiobfv\">\n\t\t\t\t\t\t\t\t\t\t\t\t\t<\/div>\n\t\t\t\t\t\t\t\t\t\t<cite class=\"elementor-testimonial__cite\"><span class=\"elementor-testimonial__name\">Maiobfv<\/span><span class=\"elementor-testimonial__title\">Andrea Puibaraud<\/span><\/cite>\t\t\t\t\t<div class=\"elementor-testimonial__icon elementor-icon elementor-icon-\" aria-label=\"Lire plus\"><\/div>\t\t\t\t<\/div>\n\t\t\t\t\t\t\t\t\t\t<div class=\"elementor-testimonial__content\">\n\t\t\t\t\t<div class=\"elementor-testimonial__text\">\n\t\t\t\t\t\tJe poss\u00e8de et g\u00e8re moi-m\u00eame 11 propri\u00e9t\u00e9s de location saisonni\u00e8re \u00e0 Maui. Cela n'aurait pas \u00e9t\u00e9 possible sans Hostify. J'ai fait des recherches sur de nombreuses soi-disant plateformes technologiques dans ce secteur, j'ai assist\u00e9 \u00e0 de nombreuses conf\u00e9rences, j'ai parl\u00e9 \u00e0 des ing\u00e9nieurs techniques seniors de nombreuses entreprises qui pr\u00e9tendent \u00eatre les meilleures. Aucune d'entre elles n'arrive \u00e0 la cheville de la technologie d\u00e9velopp\u00e9e par Hostify. L'\u00e9quipe de Hostify est la plus intelligente, la plus r\u00e9active, la plus comp\u00e9tente et la plus accessible avec laquelle j'ai eu affaire. Je suis admiratif devant eux. Ils sont tout simplement les meilleurs dans ce qu'ils font.      \t\t\t\t\t<\/div>\n\t\t\t\t<\/div>\n\t\t\t\t\t<\/div>\n\t\t\t\t\t\t\t\t<\/div>\n\t\t\t\t\t\t\t\t\t<\/div>\n\t\t\t\t\t\t\t\t\t\t\t\t\t\t\t<div class=\"elementor-swiper-button elementor-swiper-button-prev\" role=\"button\" tabindex=\"0\" aria-label=\"Pr\u00e9c\u00e9dent\">\n\t\t\t\t\t\t\t<svg aria-hidden=\"true\" class=\"e-font-icon-svg e-eicon-chevron-left\" viewBox=\"0 0 1000 1000\" xmlns=\"http:\/\/www.w3.org\/2000\/svg\"><path d=\"M646 125C629 125 613 133 604 142L308 442C296 454 292 471 292 487 292 504 296 521 308 533L604 854C617 867 629 875 646 875 663 875 679 871 692 858 704 846 713 829 713 812 713 796 708 779 692 767L438 487 692 225C700 217 708 204 708 187 708 171 704 154 692 142 675 129 663 125 646 125Z\"><\/path><\/svg>\t\t\t\t\t\t<\/div>\n\t\t\t\t\t\t<div class=\"elementor-swiper-button elementor-swiper-button-next\" role=\"button\" tabindex=\"0\" aria-label=\"Suivant\">\n\t\t\t\t\t\t\t<svg aria-hidden=\"true\" class=\"e-font-icon-svg e-eicon-chevron-right\" viewBox=\"0 0 1000 1000\" xmlns=\"http:\/\/www.w3.org\/2000\/svg\"><path d=\"M696 533C708 521 713 504 713 487 713 471 708 454 696 446L400 146C388 133 375 125 354 125 338 125 325 129 313 142 300 154 292 171 292 187 292 204 296 221 308 233L563 492 304 771C292 783 288 800 288 817 288 833 296 850 308 863 321 871 338 875 354 875 371 875 388 867 400 854L696 533Z\"><\/path><\/svg>\t\t\t\t\t\t<\/div>\n\t\t\t\t\t\t\t\t\t\t\t\t\t\t\t\t\t<\/div>\n\t\t\t\t<\/div>\n\t\t\t\t\t\t\t\t<\/div>\n\t\t\t\t<\/div>\n\t\t\t\t<\/div>\n\t\t\t\t\t<\/div>\n\t\t\t\t<\/div>\n\t\t\t\t<section class=\"elementor-section elementor-top-section elementor-element elementor-element-e6b48f2 elementor-section-boxed elementor-section-height-default elementor-section-height-default\" data-id=\"e6b48f2\" data-element_type=\"section\" data-e-type=\"section\" data-settings=\"{&quot;background_background&quot;:&quot;classic&quot;}\">\n\t\t\t\t\t\t<div class=\"elementor-container elementor-column-gap-default\">\n\t\t\t\t\t<div class=\"elementor-column elementor-col-100 elementor-top-column elementor-element elementor-element-9492a2a\" data-id=\"9492a2a\" data-element_type=\"column\" data-e-type=\"column\">\n\t\t\t<div class=\"elementor-widget-wrap elementor-element-populated\">\n\t\t\t\t\t\t<div class=\"elementor-element elementor-element-053e925 elementor-widget-mobile__width-inherit elementor-arrows-position-inside elementor-widget elementor-widget-global elementor-global-10352 elementor-widget-image-carousel\" data-id=\"053e925\" data-element_type=\"widget\" data-e-type=\"widget\" data-settings=\"{&quot;slides_to_show&quot;:&quot;3&quot;,&quot;slides_to_show_tablet&quot;:&quot;3&quot;,&quot;slides_to_show_mobile&quot;:&quot;1&quot;,&quot;slides_to_scroll&quot;:&quot;1&quot;,&quot;navigation&quot;:&quot;arrows&quot;,&quot;pause_on_hover&quot;:&quot;no&quot;,&quot;pause_on_interaction&quot;:&quot;no&quot;,&quot;autoplay_speed&quot;:2000,&quot;autoplay&quot;:&quot;yes&quot;,&quot;infinite&quot;:&quot;yes&quot;,&quot;speed&quot;:500}\" data-widget_type=\"image-carousel.default\">\n\t\t\t\t<div class=\"elementor-widget-container\">\n\t\t\t\t\t\t\t<div class=\"elementor-image-carousel-wrapper swiper\" role=\"region\" aria-roledescription=\"carousel\" aria-label=\"Carrousel d\u2019images\" dir=\"ltr\">\n\t\t\t<div class=\"elementor-image-carousel swiper-wrapper\" aria-live=\"off\">\n\t\t\t\t\t\t\t\t<div class=\"swiper-slide\" role=\"group\" aria-roledescription=\"slide\" aria-label=\"1 sur 5\"><figure class=\"swiper-slide-inner\"><img decoding=\"async\" class=\"swiper-slide-image\" src=\"https:\/\/hostify.com\/wp-content\/uploads\/2023\/04\/rating-getapp.svg\" alt=\"rating-getapp\" \/><\/figure><\/div><div class=\"swiper-slide\" role=\"group\" aria-roledescription=\"slide\" aria-label=\"2 sur 5\"><figure class=\"swiper-slide-inner\"><img decoding=\"async\" class=\"swiper-slide-image\" src=\"https:\/\/hostify.com\/wp-content\/uploads\/2023\/03\/vrma.svg\" alt=\"vrma\" \/><\/figure><\/div><div class=\"swiper-slide\" role=\"group\" aria-roledescription=\"slide\" aria-label=\"3 sur 5\"><figure class=\"swiper-slide-inner\"><img decoding=\"async\" class=\"swiper-slide-image\" src=\"https:\/\/hostify.com\/wp-content\/uploads\/2023\/04\/rating-capterra.svg\" alt=\"rating-capterra\" \/><\/figure><\/div><div class=\"swiper-slide\" role=\"group\" aria-roledescription=\"slide\" aria-label=\"4 sur 5\"><figure class=\"swiper-slide-inner\"><img decoding=\"async\" class=\"swiper-slide-image\" src=\"https:\/\/hostify.com\/wp-content\/uploads\/2023\/03\/apar.svg\" alt=\"apar\" \/><\/figure><\/div><div class=\"swiper-slide\" role=\"group\" aria-roledescription=\"slide\" aria-label=\"5 sur 5\"><figure class=\"swiper-slide-inner\"><img decoding=\"async\" class=\"swiper-slide-image\" src=\"https:\/\/hostify.com\/wp-content\/uploads\/2024\/08\/rating-g2-150x90.png\" alt=\"rating-g2\" \/><\/figure><\/div>\t\t\t<\/div>\n\t\t\t\t\t\t\t\t\t\t\t\t<div class=\"elementor-swiper-button elementor-swiper-button-prev\" role=\"button\" tabindex=\"0\">\n\t\t\t\t\t\t<svg aria-hidden=\"true\" class=\"e-font-icon-svg e-eicon-chevron-left\" viewBox=\"0 0 1000 1000\" xmlns=\"http:\/\/www.w3.org\/2000\/svg\"><path d=\"M646 125C629 125 613 133 604 142L308 442C296 454 292 471 292 487 292 504 296 521 308 533L604 854C617 867 629 875 646 875 663 875 679 871 692 858 704 846 713 829 713 812 713 796 708 779 692 767L438 487 692 225C700 217 708 204 708 187 708 171 704 154 692 142 675 129 663 125 646 125Z\"><\/path><\/svg>\t\t\t\t\t<\/div>\n\t\t\t\t\t<div class=\"elementor-swiper-button elementor-swiper-button-next\" role=\"button\" tabindex=\"0\">\n\t\t\t\t\t\t<svg aria-hidden=\"true\" class=\"e-font-icon-svg e-eicon-chevron-right\" viewBox=\"0 0 1000 1000\" xmlns=\"http:\/\/www.w3.org\/2000\/svg\"><path d=\"M696 533C708 521 713 504 713 487 713 471 708 454 696 446L400 146C388 133 375 125 354 125 338 125 325 129 313 142 300 154 292 171 292 187 292 204 296 221 308 233L563 492 304 771C292 783 288 800 288 817 288 833 296 850 308 863 321 871 338 875 354 875 371 875 388 867 400 854L696 533Z\"><\/path><\/svg>\t\t\t\t\t<\/div>\n\t\t\t\t\n\t\t\t\t\t\t\t\t\t<\/div>\n\t\t\t\t\t\t<\/div>\n\t\t\t\t<\/div>\n\t\t\t\t\t<\/div>\n\t\t<\/div>\n\t\t\t\t\t<\/div>\n\t\t<\/section>\n\t\t<div class=\"elementor-element elementor-element-688240e e-flex e-con-boxed e-con e-parent\" data-id=\"688240e\" data-element_type=\"container\" data-e-type=\"container\" data-settings=\"{&quot;background_background&quot;:&quot;classic&quot;}\">\n\t\t\t\t\t<div class=\"e-con-inner\">\n\t\t\t\t\t<\/div>\n\t\t\t\t<\/div>\n\t\t\t\t<\/div>\n\t\t","protected":false},"excerpt":{"rendered":"<p>R\u00e9servez une discussion de d\u00e9monstration en direct gratuite avec l&rsquo;un de nos experts produits et voyez par vous-m\u00eame comment nous pouvons vous aider \u00e0 d\u00e9velopper votre entreprise. Pr\u00e9c\u00e9dent Suivant D\u00e9couvrez pourquoi nos clients aiment Hostify LisbeyondMauh Mosterd &#8211; Co-fondateur&#8230;<\/p>\n","protected":false},"author":1,"featured_media":22789,"parent":0,"menu_order":0,"comment_status":"closed","ping_status":"closed","template":"elementor_header_footer","meta":{"_acf_changed":false,"content-type":"","footnotes":""},"class_list":["post-24564","page","type-page","status-publish","has-post-thumbnail","hentry"],"acf":[],"_links":{"self":[{"href":"https:\/\/hostify.com\/fr\/wp-json\/wp\/v2\/pages\/24564","targetHints":{"allow":["GET"]}}],"collection":[{"href":"https:\/\/hostify.com\/fr\/wp-json\/wp\/v2\/pages"}],"about":[{"href":"https:\/\/hostify.com\/fr\/wp-json\/wp\/v2\/types\/page"}],"author":[{"embeddable":true,"href":"https:\/\/hostify.com\/fr\/wp-json\/wp\/v2\/users\/1"}],"replies":[{"embeddable":true,"href":"https:\/\/hostify.com\/fr\/wp-json\/wp\/v2\/comments?post=24564"}],"version-history":[{"count":1,"href":"https:\/\/hostify.com\/fr\/wp-json\/wp\/v2\/pages\/24564\/revisions"}],"predecessor-version":[{"id":55205,"href":"https:\/\/hostify.com\/fr\/wp-json\/wp\/v2\/pages\/24564\/revisions\/55205"}],"wp:featuredmedia":[{"embeddable":true,"href":"https:\/\/hostify.com\/fr\/wp-json\/wp\/v2\/media\/22789"}],"wp:attachment":[{"href":"https:\/\/hostify.com\/fr\/wp-json\/wp\/v2\/media?parent=24564"}],"curies":[{"name":"wp","href":"https:\/\/api.w.org\/{rel}","templated":true}]}}